{"id":98,"date":"2022-03-29T09:12:35","date_gmt":"2022-03-29T13:12:35","guid":{"rendered":"https:\/\/workersvoiceus.org\/?page_id=98"},"modified":"2025-12-26T18:05:07","modified_gmt":"2025-12-26T23:05:07","slug":"about-2","status":"publish","type":"page","link":"https:\/\/workersvoiceus.org\/es\/about-2\/","title":{"rendered":"Quienes Somos"},"content":{"rendered":"<h2><strong>Quienes Somos<br \/>\n<\/strong><\/h2>\n<p>Workers&#8217; Voice \/ La Voz de los Trabajadores es una organizaci\u00f3n socialista revolucionaria que se fund\u00f3 con la fusi\u00f3n de Socialist Resurgence y Workers&#8217; Voice en marzo de 2022.<\/p>\n<p>Aspiramos a construir un partido revolucionario fuerte, obrero y multinacional que defienda el principio de la independencia de clase y sea capaz de coordinar te\u00f3rica y pol\u00edticamente las luchas de las comunidades explotadas y oprimidas.<\/p>\n<p>Nuestro objetivo final es construir una sociedad socialista, una sociedad en la que los recursos productivos sean propiedad y est\u00e9n controlados colectivamente por el pueblo, no por las corporaciones y la rica \u00e9lite gobernante; en la que la riqueza y la ciencia se inviertan para cumplir las necesidades humanas (alimentaci\u00f3n, sanidad, vivienda, educaci\u00f3n y cultura) y no en crear beneficios para un pu\u00f1ado de explotadores; y en la que el gobierno est\u00e9 controlado democr\u00e1ticamente por los trabajadores, no por los capitalistas y su r\u00e9gimen pol\u00edtico. Construir una sociedad socialista significa distribuir la riqueza de forma equitativa, desmantelar todas las formas de opresi\u00f3n (incluidos, entre otros, el racismo, el heterosexismo, la transfobia y el capacitismo), poner fin a las guerras de saqueo y conquista y proteger el medio ambiente.<\/p>\n<p>No creemos que estas aspiraciones puedan alcanzarse bajo el capitalismo, que es un sistema arraigado en la explotaci\u00f3n y la desigualdad, la guerra y la destrucci\u00f3n del medio ambiente. Por ello, rechazamos los partidos capitalistas tanto el Dem\u00f3crata como el Republicano, cuyos proyectos pol\u00edticos protegen abiertamente los intereses empresariales a expensas de los trabajadores.<\/p>\n<p>Los trabajadores necesitan un partido propio. Reclamamos un partido obrero independiente y combativo que rompa con el Partido Dem\u00f3crata.<\/p>\n<p>Luchamos por las necesidades materiales inmediatas de los trabajadores y los oprimidos (como mejores salarios y prestaciones), as\u00ed como por reformas sociales y democr\u00e1ticas que beneficien a la clase obrera. Pero debemos ir m\u00e1s all\u00e1. Para conseguir una sociedad verdaderamente libre y justa, debemos movilizar a la clase obrera, junto con todos los pueblos oprimidos y marginados, para tomar el poder pol\u00edtico y sustituir el orden capitalista.<\/p>\n<p>Apoyamos activamente las nuevas campa\u00f1as de sindicalizaci\u00f3n, al mismo tiempo que trabajamos para construir un ala izquierda de lucha de clases en el movimiento sindical que se enfrente a la patronal. Creemos que los sindicatos deben estar dirigidos democr\u00e1ticamente, basarse en acciones colectivas como las huelgas, y funcionar independientemente de la patronal y el Estado. Los sindicatos deben luchar contra el sexismo, el racismo y todas las formas de opresi\u00f3n en el lugar de trabajo y en la sociedad en general.<\/p>\n<p>El cambio clim\u00e1tico es la mayor amenaza a la que se enfrenta hoy la humanidad y toda la vida en este planeta. El &#8220;capitalismo verde&#8221; y las opciones individuales de consumo son totalmente insuficientes para abordar la cat\u00e1strofe a la que se enfrenta el planeta. El capitalismo basado en los combustibles f\u00f3siles debe ser abolido y sustituido por una econom\u00eda socialista planificada basada en las energ\u00edas renovables, el transporte p\u00fablico y el uso compartido y cuidadosamente planificado de los recursos para el bien p\u00fablico. Como paso importante hacia ese objetivo, es necesario nacionalizar la industria energ\u00e9tica bajo el control de los trabajadores y de los pueblos para convertirla en fuentes de energ\u00eda renovables.<\/p>\n<p>El sexismo, el racismo, la islamofobia, el sentimiento antiinmigraci\u00f3n, la homofobia, la transfobia y las muchas otras formas de opresi\u00f3n y discriminaci\u00f3n son producto del impulso del capitalismo hacia los salarios m\u00e1s bajos, los niveles de vida m\u00e1s exiguos, la creaci\u00f3n de una fuerza de trabajo auxiliar, la denigraci\u00f3n del trabajo no remunerado y la desuni\u00f3n que impide una resistencia organizada a estas condiciones.<\/p>\n<p>Apoyamos las luchas de aquellos que est\u00e1n especialmente oprimidos bajo el capitalismo: las mujeres y las comunidades LGBTQI+, y aquellos que sufren opresi\u00f3n nacional. Apoyamos y ayudamos a construir movimientos por los oprimidos con una perspectiva de lucha de clases, de modo que dichos movimientos puedan articular sus propias demandas y desarrollar conciencia pol\u00edtica como grupo.<\/p>\n<p>El trabajo no remunerado de las mujeres y otros cuidadores es vital para la funci\u00f3n del capitalismo, que privatiza y atomiza el trabajo y los costes asociados a la crianza, el cuidado y el mantenimiento de los trabajadores. Por eso, adem\u00e1s de exigir plenos derechos reproductivos y autonom\u00eda corporal, la liberaci\u00f3n de las mujeres y de las personas transg\u00e9nero y de g\u00e9nero no conforme pasa por el derrocamiento del sistema capitalista y su sustituci\u00f3n por el socialismo.<\/p>\n<p>Nos oponemos a todas las formas de racismo y exigimos fronteras abiertas y el cierre inmediato de los campos de detenci\u00f3n de inmigrantes. Apoyamos el derecho de los oprimidos y explotados a defenderse de la violencia racista y fascista. Derrotar a la extrema derecha requiere una movilizaci\u00f3n masiva de amplias fuerzas sociales, incluidas las bases del movimiento obrero. Apoyamos la autodeterminaci\u00f3n de los negros y de los indigenas, ambas nacionalidades oprimidas en Estados Unidos. Apoyamos las reivindicaciones de los indigenas para que se reconozcan sus derechos en virtud de los tratados, se haga frente a la epidemia de mujeres ind\u00edgenas desaparecidas y asesinadas y se les reconozca su plena condici\u00f3n de naci\u00f3n.<\/p>\n<p>Entendemos que Estados Unidos es una potencia imperialista y colonial, y defendemos el derecho a la autodeterminaci\u00f3n de los pueblos de colonias estadounidenses como Puerto Rico, Guam y Samoa.<\/p>\n<p>La lucha por un partido revolucionario en Estados Unidos es inseparable de la lucha por un partido revolucionario internacional. La Voz de los Trabajadores es una secci\u00f3n simpatizante de la Liga Internacional de los Trabajadores.<\/p>\n<h2>Nuestro Programa de Diez Puntos en Breve<\/h2>\n<p>1) \u00a1Defender los sindicatos y el derecho de los trabajadores a organizarse! \u00a1Por un partido obrero independiente basado en un movimiento obrero democr\u00e1tico y combativo! \u00a1Ning\u00fan apoyo a dem\u00f3cratas o republicanos!<\/p>\n<p>2) \u00a1Parar todas las deportaciones ya! \u00a1Igualdad de derechos para los inmigrantes! \u00a1Cierren los campos de detenci\u00f3n!<\/p>\n<p>3) \u00a1Las vidas de los negros importan! \u00a1Polic\u00edas asesinos a la c\u00e1rcel! \u00a1Desmantelamos la polic\u00eda racista y el sistema de &#8220;justicia&#8221; penal! \u00a1Reparaciones y autodeterminaci\u00f3n para los negros, puertorrique\u00f1os y todas las comunidades ind\u00edgenas y colonizadas!<\/p>\n<p>4) Justicia reproductiva: Anticoncepci\u00f3n gratuita y accesible. Aborto libre y seguro.<\/p>\n<p>5) \u00a1Sanidad p\u00fablica, universal y gratuita ya! Cuidado infantil y de ancianos p\u00fablico, gratuito y de calidad para todos, 24 horas al d\u00eda, 7 d\u00edas a la semana. Educaci\u00f3n gratuita para toda la vida.<\/p>\n<p>6) Plenos derechos civiles y humanos para la comunidad LGBTQIA+.<\/p>\n<p>7) Por la justicia clim\u00e1tica Propiedad p\u00fablica de la industria energ\u00e9tica bajo el control de los trabajadores y la comunidad para lograr una conversi\u00f3n de emergencia a energ\u00edas 100% renovables.<\/p>\n<p>8) \u00a1No a la intervenci\u00f3n militar estadounidense en el extranjero! \u00a1Desmantelar la maquinaria de guerra! Fin de la ayuda estadounidense a Israel Fin de las sanciones a Venezuela, Ir\u00e1n y Cuba. \u00a1Por una Palestina laica y democr\u00e1tica!<\/p>\n<p>9) Por la plena integraci\u00f3n de los discapacitados en la vida social, pol\u00edtica y econ\u00f3mica.<\/p>\n<p>10) \u00a1Propiedad p\u00fablica, bajo control obrero, de la gran industria, el transporte y los bancos! Por un gobierno obrero y una econom\u00eda planificada: \u00a1por el socialismo!<\/p>\n<p>&nbsp;<\/p>\n<h2>Declaraci\u00f3n de fusi\u00f3n 2022<\/h2>\n<p>Vivimos en un per\u00edodo caracterizado por la escalada de las crisis capitalistas, el conflicto imperialista y la guerra (por ejemplo, la invasi\u00f3n de Ucrania), y la destrucci\u00f3n catastr\u00f3fica del medio ambiente. Esto incluye los levantamientos de masas en muchos pa\u00edses de Am\u00e9rica Latina, as\u00ed como las movilizaciones en Myanmar, Sud\u00e1n, Kazajist\u00e1n y otros lugares. En Estados Unidos, el declive de la hegemon\u00eda imperialista estadounidense en el extranjero ha creado aperturas para el fermento pol\u00edtico. El movimiento obrero y varios movimientos sociales est\u00e1n empezando a reaprender la lecci\u00f3n b\u00e1sica de que la lucha es el \u00fanico camino a seguir. Recientemente, se ha producido un repunte en Estados Unidos de las luchas obreras, incluidas las huelgas de los trabajadores industriales. Adem\u00e1s, las movilizaciones de las comunidades ind\u00edgenas protectores del agua y de las caravanas de migrantes, as\u00ed como las manifestaciones masivas contra la polic\u00eda capitalista racista y en defensa de las mujeres y de las personas queer\/LGTBI, muestran una creciente inquietud entre los trabajadores y los oprimidos de Estados Unidos. Estas luchas son atacadas en todo momento por los partidos de la clase dominante. Los dem\u00f3cratas y los republicanos est\u00e1n alineados en su sumisi\u00f3n a las grandes empresas, los terratenientes y los bancos. Trabajan codo con codo para reprimir los movimientos en las calles, hacer retroceder los derechos democr\u00e1ticos y mantener el dominio de la patronal. A medida que se desarrolla la lucha por el poder de los trabajadores, aumenta el apoyo de los gobernantes a las organizaciones de extrema derecha y protofascistas encargadas de acosar a los sindicalistas, a las comunidades negras e ind\u00edgenas, a los inmigrantes, a las mujeres y a las personas queer. La \u00fanica fuerza que puede conectar todas las luchas contra la explotaci\u00f3n y la opresi\u00f3n es la clase obrera. Para crear una tierra habitable libre de los horrores que provoca el sistema capitalista, los trabajadores deben tomar el poder mediante el derrocamiento revolucionario del capitalismo y la construcci\u00f3n del socialismo. Para lograrlo, la clase obrera necesita su propia expresi\u00f3n y organizaci\u00f3n pol\u00edtica: un partido socialista revolucionario. Workers\u2019 Voice y Socialist Resurgence han estado construyendo este tipo de organizaci\u00f3n. Estamos de acuerdo en la necesidad de una reagrupaci\u00f3n de principios de los grupos revolucionarios. Los dos grupos han estado llevando a cabo un debate com\u00fan y un trabajo pr\u00e1ctico durante dos a\u00f1os y han llegado a una perspectiva compartida sobre la situaci\u00f3n fundamental a la que se enfrentan la clase obrera y los oprimidos hoy en d\u00eda. Sobre esta base, se celebr\u00f3 un congreso los d\u00edas 19 y 20 de marzo de 2022 en el que WV y SR votaron para fusionarse como La Voz de los Trabajadores \/ Worker\u2019s Voice. Nuestro congreso incluy\u00f3 a observadores de la Liga Internacional de los Trabajadores, el Proyecto Organizativo Socialista Revolucionario, el Colectivo Tempest, la Corriente Obrera y afiliados de la Red Socialista Revolucionaria. Como organizaci\u00f3n fusionada, La Voz de los Trabajadores \/ Workers\u2019 Voice re\u00fane dos tradiciones hist\u00f3ricas del trotskismo mundial en un partido revolucionario com\u00fan. No vemos nuestra fusi\u00f3n como el final del proceso de recomposici\u00f3n de la izquierda socialista revolucionaria ni en los Estados Unidos ni a nivel internacional. La Voz de los Trabajadores es un partido de acci\u00f3n. En el curso del desarrollo de las relaciones y del trabajo con otras organizaciones obreras y socialistas en el movimiento obrero y en las luchas de masas, esperamos aprovechar todas las oportunidades para comenzar a clarificar las discusiones sobre las grandes cuestiones pol\u00edticas y estrat\u00e9gicas que pueden conducir a un proyecto de reagrupamiento a\u00fan m\u00e1s amplio. Tambi\u00e9n esperamos continuar nuestra participaci\u00f3n en la Red Socialista Revolucionaria. La clase obrera es una clase internacional, y los partidos revolucionarios tambi\u00e9n deben ser internacionalistas a todos los niveles. En su congreso fundacional, la Voz de los Trabajadores fusionada vot\u00f3 estar en solidaridad pol\u00edtica con la Liga Internacional de los Trabajadores \u2013 Cuarta Internacional. Estamos entusiasmados de poder combinar nuestros esfuerzos y experiencias en la construcci\u00f3n de los movimientos obreros y sociales, llevando a cabo la educaci\u00f3n revolucionaria, y seguir desarrollando las experiencias comunes de lucha de nuestra clase para poder comenzar a sentar las bases de un partido revolucionario capaz de dirigir la lucha por el poder de los trabajadores hasta el final.<\/p>\n<p>\u00a1\u00danete a nosotros en este proyecto! \u00a1Tenemos un mundo que ganar!<\/p>\n","protected":false},"excerpt":{"rendered":"<p>Quienes Somos Workers&#8217; Voice \/ La Voz de los Trabajadores es una organizaci\u00f3n socialista revolucionaria que se fund\u00f3 con la fusi\u00f3n de Socialist Resurgence y Workers&#8217; Voice en marzo de 2022. Aspiramos a construir un partido revolucionario fuerte, obrero y multinacional que defienda el principio de la independencia de clase y sea capaz de coordinar [&hellip;]<\/p>\n","protected":false},"author":13882114,"featured_media":0,"parent":0,"menu_order":0,"comment_status":"closed","ping_status":"closed","template":"","meta":{"_crdt_document":"","jetpack_post_was_ever_published":false,"footnotes":""},"class_list":["post-98","page","type-page","status-publish","hentry"],"translation":{"provider":"WPGlobus","version":"3.0.2","language":"es","enabled_languages":["en","es"],"languages":{"en":{"title":true,"content":true,"excerpt":false},"es":{"title":true,"content":true,"excerpt":false}}},"aioseo_notices":[],"jetpack_likes_enabled":true,"jetpack_sharing_enabled":true,"jetpack_shortlink":"https:\/\/wp.me\/PdQxqk-1A","amp_enabled":true,"_links":{"self":[{"href":"https:\/\/workersvoiceus.org\/es\/wp-json\/wp\/v2\/pages\/98","targetHints":{"allow":["GET"]}}],"collection":[{"href":"https:\/\/workersvoiceus.org\/es\/wp-json\/wp\/v2\/pages"}],"about":[{"href":"https:\/\/workersvoiceus.org\/es\/wp-json\/wp\/v2\/types\/page"}],"author":[{"embeddable":true,"href":"https:\/\/workersvoiceus.org\/es\/wp-json\/wp\/v2\/users\/13882114"}],"replies":[{"embeddable":true,"href":"https:\/\/workersvoiceus.org\/es\/wp-json\/wp\/v2\/comments?post=98"}],"version-history":[{"count":37,"href":"https:\/\/workersvoiceus.org\/es\/wp-json\/wp\/v2\/pages\/98\/revisions"}],"predecessor-version":[{"id":27901,"href":"https:\/\/workersvoiceus.org\/es\/wp-json\/wp\/v2\/pages\/98\/revisions\/27901"}],"wp:attachment":[{"href":"https:\/\/workersvoiceus.org\/es\/wp-json\/wp\/v2\/media?parent=98"}],"curies":[{"name":"wp","href":"https:\/\/api.w.org\/{rel}","templated":true}]}}