{"id":16157,"date":"2020-01-07T14:13:17","date_gmt":"2020-01-07T19:13:17","guid":{"rendered":"https:\/\/workersvoiceus.org\/en-espanol\/"},"modified":"2020-01-07T14:13:17","modified_gmt":"2020-01-07T19:13:17","slug":"en-espanol","status":"publish","type":"page","link":"https:\/\/workersvoiceus.org\/es\/en-espanol\/","title":{"rendered":"En Espa\u00f1ol"},"content":{"rendered":"<h2><img data-recalc-dims=\"1\" loading=\"lazy\" decoding=\"async\" class=\"  wp-image-16643 aligncenter\" src=\"https:\/\/i0.wp.com\/socialistresurgence.org\/wp-content\/uploads\/2020\/03\/spanish-pic.jpg?resize=181%2C269&#038;ssl=1\" alt=\"spanish pic\" width=\"181\" height=\"269\"><\/h2>\n<h2 style=\"text-align: center;\"><span style=\"color: #339966;\"><a style=\"color: #339966;\" title=\"Primera Edici\u00f3n peri\u00f3dico SR 2020\" href=\"https:\/\/socialistresurgence.org\/wp-content\/uploads\/2020\/03\/primera-edicic3b3n-peric3b3dico-sr-2020.pdf\">Primera edici\u00f3n del peri\u00f3dico SR 2020<\/a><\/span><\/h2>\n<h2><span style=\"color: #993300;\"><strong>Noticias<\/strong><\/span><\/h2>\n<h6><a href=\"http:\/\/izar-revolucion.org\/lecciones-del-voto-sindical-de-amazon-un-paso-adelante-dos-pasos-atras\/\">LECCIONES DEL VOTO SINDICAL DE AMAZON: UN PASO ADELANTE, DOS PASOS ATR\u00c1S<\/a><\/h6>\n<h6 class=\"entry-title\"><a href=\"https:\/\/socialistresurgence.org\/2020\/04\/25\/que-mueran-las-companias-petroleras\/\">*\u00a1Que mueran las compa\u00f1\u00edas petroleras!<\/a><\/h6>\n<h6><a href=\"http:\/\/izar-revolucion.org\/el-significado-de-las-protestas-anticuarentena-en-eeuu\/?fbclid=IwAR3XFmGc75WTUi_GtSbdg-KQ2fDRycwYyVMDOeWuY-5EwiKDBkPcI4guIdY\" target=\"_blank\" rel=\"noopener\">*El significado de las protestas anticuarentiena en EEUU <\/a><\/h6>\n<h6><a href=\"http:\/\/izar-revolucion.org\/las-huelgas-golpean-amazon-whole-foods-e-instacart-en-eeuu\/?fbclid=IwAR1zqH43CeffGQWWJp7CZIfgiU5r0C6CnCYOT0uIVKeZFFxuSuVzSVHCUPA\">*LAS HUELGAS GOLPEAN AMAZON, WHOLE FOODS E INSTACART EN EEUU<\/a><\/h6>\n<h6 class=\"entry-title\"><a href=\"http:\/\/izar-revolucion.org\/trabajadors-de-la-construccion-de-nueva-inglaterra-eeuu-se-retiran-y-exigen-proteccion-contra-el-covid\/\">*TRABAJADOR@S DE LA CONSTRUCCI\u00d3N DE NUEVA INGLATERRA, EEUU, SE RETIRAN Y EXIGEN PROTECCI\u00d3N CONTRA EL COVID<\/a><\/h6>\n<h6><span style=\"color: #993300;\"><strong>Convenci\u00f3n Fundacional de Resurgimiento Socialista 2019: <\/strong><\/span><span lang=\"es\" style=\"color: #993300;\">Documentos<\/span><\/h6>\n<h6><a title=\"RESOLUCIONES DE POL\u00cdTICA INTERNACIONAL\" href=\"https:\/\/socialistresurgence.org\/wp-content\/uploads\/2020\/01\/resoluciones-de-polc38dtica-internacional.pdf\">RESOLUCIONES DE POL\u00cdTICA INTERNACIONAL<\/a><\/h6>\n<h6><a title=\"Los EE\" href=\"https:\/\/socialistresurgence.org\/wp-content\/uploads\/2020\/01\/los-ee.pdf\"><b>Los EE. UU enfrentan una crisis pol\u00edtica, social y econ\u00f3mica<\/b><\/a><\/h6>\n<h6><a title=\"Informe_ Motivos para la Elaboraci\u00f3n del Nuevo Estatuto\" href=\"https:\/\/socialistresurgence.org\/wp-content\/uploads\/2020\/01\/informe_-motivos-para-la-elaboracic3b3n-del-nuevo-estatuto.pdf\">Informe_ Motivos para la Elaboraci\u00f3n del Nuevo Estatuto<\/a><\/h6>\n<h6><a title=\"Resurgimiento Socialista Estatuto Provisorio presentado a la Convenci\u00f3n Fundacional de RS\" href=\"https:\/\/socialistresurgence.org\/wp-content\/uploads\/2020\/01\/resurgimiento-socialista-estatuto-provisorio-presentado-a-la-convencic3b3n-fundacional-de-rs.pdf\">Resurgimiento Socialista Estatuto Provisorio presentado a la Convenci\u00f3n Fundacional de RS<\/a><\/h6>\n<h6>(G<span lang=\"es\">racias a Patricia por la traducci\u00f3n)<\/span><\/h6>\n<h6><span style=\"color: #993300;\">Tendencia Internacional<\/span><\/h6>\n<h6 class=\"entry-title\"><a href=\"http:\/\/izar-revolucion.org\/declaracion-conjunta-por-un-proyecto-revolucionario-internacionalista-en-europa\/\">DECLARACI\u00d3N CONJUNTA POR UN PROYECTO REVOLUCIONARIO INTERNACIONALISTA EN EUROPA<\/a><\/h6>\n<h6 class=\"entry-title\"><a href=\"http:\/\/izar-revolucion.org\/1576-2\/\">APROVECHAR LAS OCASIONES, CONSTRUIR UNA INTERNACIONAL PARA LA REVOLUCI\u00d3N Y EL COMUNISMO<\/a><\/h6>\n<h2><span style=\"color: #993300;\">Teor\u00eda<\/span><\/h2>\n<h6><a href=\"https:\/\/www.marxists.org\/espanol\/novack\/1977\/1inter.htm\">La Primera Internacional (1864-76)<\/a> \/George Novack<\/h6>\n<h6><a href=\"http:\/\/www.marxists.org\/espanol\/m-e\/1840s\/48-manif.htm\">Manifiesto del Partido Comunista<\/a> \/ K. Marx &amp; F. Engels<\/h6>\n<h6><a href=\"http:\/\/www.marxists.org\/espanol\/lenin\/obras\/1910s\/estyrev\/index.htm\">El estado y la revolucion<\/a>&nbsp; \/Lenin<\/h6>\n<h6><a href=\"https:\/\/www.marxists.org\/espanol\/luxem\/01Reformaorevolucion_0.pdf\">&nbsp;Reforma o revoluci\u00f3n<\/a>&nbsp; &nbsp;\/Rosa Luxemburgo<\/h6>\n<h6><a href=\"https:\/\/www.marxists.org\/espanol\/luxem\/06Huelgademasaspartidoysindicatos_0.pdf\">Huelga de masas, partido y sindicatos<\/a>&nbsp; \/Rosa Luxemburgo<\/h6>\n<h6><a href=\"https:\/\/www.marxists.org\/espanol\/novack\/1957\/desigual.htm\">La ley del desarrollo desigual y combinado de la sociedad<\/a> \/George Novack<\/h6>\n<h6><a href=\"http:\/\/www.marxists.org\/espanol\/trotsky\/1938\/prog-trans.htm\">PROGRAMA DE TRANSICI\u00d3N<\/a>&nbsp; \/Trotsky<\/h6>\n<h6><a href=\"http:\/\/www.marxists.org\/espanol\/trotsky\/ceip\/escritos\/libro5\/T08V314.htm\">Stalinismo y bolchevismo<\/a>&nbsp; \/Trotsky<\/h6>\n<h6><a href=\"http:\/\/www.marxists.org\/espanol\/cannon\/1942\/histrot\/index.htm\">Historia del Trotskismo norteamericano<\/a>&nbsp; \/James P. Cannon<\/h6>\n<h6><a href=\"https:\/\/www.marxists.org\/espanol\/zetkin\/1923\/agosto\/fascismo.htm\">Fascismo<\/a>&nbsp; \/Clara Zetkin<\/h6>\n<h6 class=\"title style-scope ytd-video-primary-info-renderer\"><a href=\"https:\/\/www.youtube.com\/watch?v=MJwCCNJvfgk&amp;t=8s\">Stonewall: La lucha por los derechos LGBTI<\/a><\/h6>\n<h6><a href=\"https:\/\/www.aporrea.org\/actualidad\/a8332.html\">El &#8220;Socialismo en un solo pa\u00eds&#8221; y la Revoluci\u00f3n Cubana<\/a>&nbsp; \/Celia Hart<\/h6>\n<h6><span style=\"color: #993300;\">Manifiesto feminista trans-fronterizo<\/span><\/h6>\n<h6><a href=\"https:\/\/drive.google.com\/file\/d\/1yl9dmlxRVhHKn_U_6Fe1sBxRlnjSSgBp\/view?fbclid=IwAR1qxLfUibt75z\" rel=\"nofollow\">https:\/\/drive.google.com\/file\/d\/1yl9dmlxRVhHKn_U_6Fe1sBxRlnjSSgBp\/view?fbclid=IwAR1qxLfUibt75z<\/a><\/h6>\n","protected":false},"excerpt":{"rendered":"<p>Primera edici\u00f3n del peri\u00f3dico SR 2020 Noticias LECCIONES DEL VOTO SINDICAL DE AMAZON: UN PASO ADELANTE, DOS PASOS ATR\u00c1S *\u00a1Que mueran las compa\u00f1\u00edas petroleras! *El significado de las protestas anticuarentiena en EEUU *LAS HUELGAS GOLPEAN AMAZON, WHOLE FOODS E INSTACART EN EEUU *TRABAJADOR@S DE LA CONSTRUCCI\u00d3N DE NUEVA INGLATERRA, EEUU, SE RETIRAN Y EXIGEN PROTECCI\u00d3N [&hellip;]<\/p>\n","protected":false},"author":13882114,"featured_media":0,"parent":0,"menu_order":0,"comment_status":"closed","ping_status":"closed","template":"","meta":{"_crdt_document":"","jetpack_post_was_ever_published":false,"footnotes":""},"class_list":["post-16157","page","type-page","status-publish","hentry"],"translation":{"provider":"WPGlobus","version":"3.0.2","language":"es","enabled_languages":["en","es"],"languages":{"en":{"title":true,"content":true,"excerpt":false},"es":{"title":false,"content":false,"excerpt":false}}},"aioseo_notices":[],"jetpack_likes_enabled":true,"jetpack_sharing_enabled":true,"jetpack_shortlink":"https:\/\/wp.me\/PdQxqk-4cB","amp_enabled":true,"_links":{"self":[{"href":"https:\/\/workersvoiceus.org\/es\/wp-json\/wp\/v2\/pages\/16157","targetHints":{"allow":["GET"]}}],"collection":[{"href":"https:\/\/workersvoiceus.org\/es\/wp-json\/wp\/v2\/pages"}],"about":[{"href":"https:\/\/workersvoiceus.org\/es\/wp-json\/wp\/v2\/types\/page"}],"author":[{"embeddable":true,"href":"https:\/\/workersvoiceus.org\/es\/wp-json\/wp\/v2\/users\/13882114"}],"replies":[{"embeddable":true,"href":"https:\/\/workersvoiceus.org\/es\/wp-json\/wp\/v2\/comments?post=16157"}],"version-history":[{"count":0,"href":"https:\/\/workersvoiceus.org\/es\/wp-json\/wp\/v2\/pages\/16157\/revisions"}],"wp:attachment":[{"href":"https:\/\/workersvoiceus.org\/es\/wp-json\/wp\/v2\/media?parent=16157"}],"curies":[{"name":"wp","href":"https:\/\/api.w.org\/{rel}","templated":true}]}}