{"id":11432,"date":"2021-08-17T20:14:51","date_gmt":"2021-08-17T20:14:51","guid":{"rendered":"https:\/\/lavozlit.com\/?page_id=11432"},"modified":"2021-08-17T20:14:51","modified_gmt":"2021-08-17T20:14:51","slug":"lenin-v-i-resolution-on-the-national-question-approved-at-the-7th-all-russia-conference-of-the-r-s-d-l-p-bolshevik-in-april-1917","status":"publish","type":"page","link":"https:\/\/workersvoiceus.org\/es\/political-education\/lenin-v-i-resolution-on-the-national-question-approved-at-the-7th-all-russia-conference-of-the-r-s-d-l-p-bolshevik-in-april-1917\/","title":{"rendered":"Lenin, Resoluci\u00f3n sobre el problema nacional (Abril 1917) Revoluci\u00f3n del 7 Congreso del P. O.S.D.R. (Bolchevique)"},"content":{"rendered":"<h1>Introducci\u00f3n<\/h1>\n<p><em>Esta resoluci\u00f3n, adoptado por los bolcheviques en 1917, representa un clave paso hacia adelante para el movimiento comunista en su entendimiento del imperialismo y la cuesti\u00f3n de la autodeterminaci\u00f3n nacional. De manera general, establece el derecho de todas las naciones del imperio ruso a escoger si prefieren separarse del imperio<\/em><\/p>\n<h1>Lenin, Resoluci\u00f3n sobre el problema nacional (Abril 1917) Revoluci\u00f3n del 7 Congreso del P. O.S.D.R. (Bolchevique)<\/h1>\n<p>por V. I. Lenin, abril 1917<br \/>\n<b><i><br \/>\n<\/i><\/b><\/p>\n<h3>Resoluci\u00f3n sobre la cuesti\u00f3n nacional<\/h3>\n<p>La pol\u00edtica de opresi\u00f3n nacional, herencia de la autocracia y de la monarqui\u0301a, es mantenida por los terratenientes, los capita\u00adlistas y\u00a0 la pequen\u0303a burguesi\u0301a para proteger sus privilegios de clase y para provocar la desunio\u0301n entre los obreros de distintas nacionalidades. El imperialismo moderno, que intensifica la ten\u00ad dencia a someter a los pueblos de\u0301biles, es un nuevo factor de reforzamiento del yugo nacional.<br \/>\nLa eeliminaci\u00f3n del yugo nacio\u0301nal, aunque factible en la so\u00adciedad capitalista, es so\u0301lo posible bajo un regimen republicano consecuentemente democra\u0301tico y una administracio\u0301n del Estado que garantice la plena igualdad de todas las naciones y lenguas. Debe reconocerse a todas las naciones que forman parte de Rusia el derecho a separarse libremente y a formar Estados inde\u00adpendientes. Negarles este derecho, o no adoptar las medidas que garanticen su realizacio\u0301n pra\u0301ctica equivale a apoyar la poli\u0301tica de conquistas o anexiones. El reconocimiento por el proletariado del derecho de las naciones a la separacio\u0301n es lo u\u0301nico que puede asegurar plepa solidaridad de los obreros de distintas naciones y permitir un acercamiento de las naciones verdaderamente de\u00admocra\u0301tico.<br \/>\nEl conflicto que ha surgido actualmente entre Finlandia el gobierno provisional ruso demuestra con particular nitidez que la negacio\u0301n del derecho a la libre separacio\u0301n conduce directa\u00ad mente a la continuacio\u0301n de la poli\u0301tica del zarismo.<br \/>\nEl derecho de las naciones a separarse libremente no debe confundirse con la conveniencia de la separacio\u0301n de una nacio\u0301n determinada en un momento determinado. Esta u\u0301ltima cuestio\u0301n debe resolverla el partido del proletariado de un modo absolutamente independiente en cada caso concreto. considerando los intereses de todo el desarrollo social y los intereses de la lucha de clase del proletariado por el socialismo.<br \/>\nEl partido exige una amplia autonomi\u0301a regional, la supresio\u0301n de la supervisio\u0301n desde arriba, la supresio\u0301n desuna lengua oficial obligatoria y la delimitacio\u0301n de las fronteras de las regiones con gobierno propio y auto\u0301nomas, de acuerdo con las condiciones, eco\u00adno\u0301micas y sociales, la composicio\u0301n nacional de la poblacio\u0301n, etc., determinadas por la propia poblacio\u0301n local.<br \/>\nEl partido del proletariado rechaza resueltamente lo que se conoce como \u201cautonomi\u0301a cultural nacional\u201d, por la cual, la edu\u00adcacio\u0301n, etc., se sustrae del control del Estado y se pone bajo el control de una especie de Seim nacional. La autonomi\u0301a cultural nacional divide artificialmente a los obreros que viven en la misma localidad y hasta a los que trabajan en la misma empresa indus\u00adtrial, de acuerdo con sus distintas \u201cculturas nacionales\u201d, en otras palabras, refue\u0301rzalos lazos entre los obreros la cultura burguesa de cada nacio\u0301n, mientras que el propo\u0301sito de la socialdemocracia es desarrollar la cultura internacional del proletariado mundial.<br \/>\nEl partido exige que se incluya en la Constitucio\u0301n una ley fundamental que anule todos los privilegios de cualquiera de las naciones y todas las violaciones de los derechos de las minori\u0301as nacionales.<br \/>\nLos intereses de la clase obrera exigen que los obreros de todas las nacionalidades de Rusia tengan organizaciones proleta\u00adrias u\u0301nicas, tanto poli\u0301ticas como sindicales, instituciones coopera\u00adtivas educacionales, etc. So\u0301lo la unio\u0301n de los obreros de diversas nacionalidades en estas organizaciones u\u0301nicas dara\u0301 al proletariado la posibilidad de realizar una lucha victoriosa contra el capital internacional y contra el nacionalismo burgue\u0301s.<br \/>\n<span style=\"text-decoration: underline;\"><a href=\"https:\/\/wp.me\/P3hE3m-2BS\">De regreso a la educaci\u00f3n pol\u00edtica<\/a><\/span><\/p>\n","protected":false},"excerpt":{"rendered":"<p>Introducci\u00f3n Esta resoluci\u00f3n, adoptado por los bolcheviques en 1917, representa un clave paso hacia adelante para el movimiento comunista en su entendimiento del imperialismo y la cuesti\u00f3n de la autodeterminaci\u00f3n nacional. De manera general, establece el derecho de todas las naciones del imperio ruso a escoger si prefieren separarse del imperio Lenin, Resoluci\u00f3n sobre el [&hellip;]<\/p>\n","protected":false},"author":13882119,"featured_media":0,"parent":10036,"menu_order":0,"comment_status":"closed","ping_status":"closed","template":"","meta":{"_crdt_document":"","footnotes":""},"class_list":["post-11432","page","type-page","status-publish","hentry"],"translation":{"provider":"WPGlobus","version":"3.0.2","language":"es","enabled_languages":["en","es"],"languages":{"en":{"title":true,"content":true,"excerpt":false},"es":{"title":true,"content":true,"excerpt":false}}},"aioseo_notices":[],"jetpack_likes_enabled":true,"jetpack_sharing_enabled":true,"jetpack_shortlink":"https:\/\/wp.me\/PdQxqk-2Yo","amp_enabled":true,"_links":{"self":[{"href":"https:\/\/workersvoiceus.org\/es\/wp-json\/wp\/v2\/pages\/11432","targetHints":{"allow":["GET"]}}],"collection":[{"href":"https:\/\/workersvoiceus.org\/es\/wp-json\/wp\/v2\/pages"}],"about":[{"href":"https:\/\/workersvoiceus.org\/es\/wp-json\/wp\/v2\/types\/page"}],"author":[{"embeddable":true,"href":"https:\/\/workersvoiceus.org\/es\/wp-json\/wp\/v2\/users\/13882119"}],"replies":[{"embeddable":true,"href":"https:\/\/workersvoiceus.org\/es\/wp-json\/wp\/v2\/comments?post=11432"}],"version-history":[{"count":0,"href":"https:\/\/workersvoiceus.org\/es\/wp-json\/wp\/v2\/pages\/11432\/revisions"}],"up":[{"embeddable":true,"href":"https:\/\/workersvoiceus.org\/es\/wp-json\/wp\/v2\/pages\/10036"}],"wp:attachment":[{"href":"https:\/\/workersvoiceus.org\/es\/wp-json\/wp\/v2\/media?parent=11432"}],"curies":[{"name":"wp","href":"https:\/\/api.w.org\/{rel}","templated":true}]}}