{"id":10400,"date":"2020-11-06T22:57:09","date_gmt":"2020-11-06T22:57:09","guid":{"rendered":"https:\/\/lavozlit.com\/es\/?page_id=10400"},"modified":"2020-11-06T22:57:09","modified_gmt":"2020-11-06T22:57:09","slug":"que-es-la-voz-de-ls-trabajadores","status":"publish","type":"page","link":"https:\/\/workersvoiceus.org\/es\/que-es-la-voz-de-ls-trabajadores\/","title":{"rendered":"\u00bfQu\u00e9 es La Voz de l@s Trabajadores?"},"content":{"rendered":"<p>La Voz de los Trabajadores es una organizaci\u00f3n socia\u00adlista y revolucionaria que emergi\u00f3 en California en el a\u00f1o 2008. Somos la organizaci\u00f3n simpatizante de la Liga Inter\u00adnacional de los Trabajadores &#8211; Cuarta Internacional (LIT-CI) en Estados Unidos. Con base en las luchas de los trabajado\u00adres inmigrantes y la lucha por sindicatos democr\u00e1ticos y de combate, <strong>trabajamos por construir un partido revolucio\u00adnario. <\/strong>Es decir, una gran organizaci\u00f3n proletaria y multirra\u00adcial que defienda <strong>el principio de la independencia de clase <\/strong>y est\u00e9 en capacidad de coordinar, te\u00f3rica y pol\u00edticamente, las luchas de las comunidades explotadas y oprimidas.<br \/>\n<strong>Nuestro objetivo final es construir una sociedad so\u00adcialista en la que los recursos econ\u00f3micos sean propiedad colectiva y controlados por el pueblo, no por las grandes corporaciones y una \u00e9lite de ricos; donde la riqueza y el saber se inviertan en necesidades humanas (alimentos, sa\u00adlud, educaci\u00f3n, y cultura) y no en generar ganancias para un pu\u00f1ado de explotadores; y donde el gobierno y el poder pol\u00edtico sean controlados desde abajo y democr\u00e1ticamen\u00adte por los trabajadores, no por las grandes empresas y una clase pol\u00edtica corrupta. Construir una sociedad socialista implica redistribuir la riqueza, desmantelar todas las for\u00admas de opresi\u00f3n (racismo, sexismo, heterosexismo, trans\u00adfobia, discriminaci\u00f3n a personas con discapacidades, etc.), acabar con las guerras de saqueo y conquista, y proteger el medio ambiente. <\/strong><br \/>\nNo creemos que estas aspiraciones puedan alcanzarse en el marco del capitalismo, un sistema basado en la explo\u00adtaci\u00f3n y ligado inextricablemente a la desigualdad, la guerra, y la destrucci\u00f3n ambiental. Por eso rechazamos los partidos capitalistas como el Dem\u00f3crata y el Republicano, cuyos pro\u00adyectos pol\u00edticos protegen los intereses de las grandes empre\u00adsas a expensas de los trabajadores y oprimen activamente a nuestras comunidades.<br \/>\nLa Voz lucha por las necesidades materiales inmediatas de los trabajadores y las poblaciones oprimidas, y por refor\u00admas sociales y democr\u00e1ticas que beneficien a la clase obrera en su conjunto. Esto incluye las luchas por mejores salarios, derechos sindicales, salud, educaci\u00f3n, vivienda, etc. Pero <strong>de\u00adbemos ir m\u00e1s all\u00e1 de las reformas y luchas contractuales. <\/strong>Para construir una sociedad verdaderamente libre y justa, es necesario movilizar a la clase trabajadora para que, junto a todas las poblaciones oprimidas, tomemos el poder pol\u00edtico y reemplacemos el orden capitalista. Por consiguiente, nuestra intervenci\u00f3n en luchas parciales e inmediatas no solo est\u00e1 dirigida a obtener mejores condiciones materiales, sino tam\u00adbi\u00e9n a <strong>construir conciencia socialista y a fortalecer el po\u00adder y la organizaci\u00f3n pol\u00edtica de nuestra clase de manera independiente y democr\u00e1tica. <\/strong><br \/>\nEntendemos a Estados Unidos como un poder imperial y colonial y, por tanto, defendemos el derecho a la autodeter\u00adminaci\u00f3n de los pueblos colonizados dentro y fuera de este pa\u00eds, incluyendo a los pueblos ind\u00edgenas de Norte America y al pueblo de Puerto Rico. <strong>Estamos profundamente orgullo\u00adsos de continuar la gran tradici\u00f3n antirracista en Estados Unidos. <\/strong>En las palabras de W.E.B. Du Bois: \u201cla emancipaci\u00f3n [de la humanidad] es la emancipaci\u00f3n del trabajo y la eman\u00adcipaci\u00f3n del trabajo es la liberaci\u00f3n de esa mayor\u00eda de traba\u00adjadores que son Asi\u00e1ticos, Latinos y Negros.\u201d<br \/>\nLa lucha por un partido revolucionario en Estados Uni\u00addos es inseparable de la lucha por un partido revoluciona\u00adrio internacional. La Liga Internacional de los Trabajadores, de la cual La Voz es una organizaci\u00f3n simpatizante, sigue la tradici\u00f3n Morenista, una corriente Trotskista nacida en Lati\u00adnoam\u00e9rica. Nuestros or\u00edgenes y experiencia de lucha en Lati\u00adnoam\u00e9rica, lejos de los grandes centros de poder, moldean e influencian nuestro an\u00e1lisis de la lucha contra el imperialis\u00admo global y la recolonizaci\u00f3n de las Am\u00e9ricas. Llamamos a la reconstrucci\u00f3n de una Cuarta Internacional, organizada bajo el Centralismo Democr\u00e1tico, como \u00f3rgano internacional de lucha por el socialismo de toda la clase trabajadora mundial.<\/p>\n","protected":false},"excerpt":{"rendered":"<p>La Voz de los Trabajadores es una organizaci\u00f3n socia\u00adlista y revolucionaria que emergi\u00f3 en California en el a\u00f1o 2008. Somos la organizaci\u00f3n simpatizante de la Liga Inter\u00adnacional de los Trabajadores &#8211; Cuarta Internacional (LIT-CI) en Estados Unidos. Con base en las luchas de los trabajado\u00adres inmigrantes y la lucha por sindicatos democr\u00e1ticos y de combate, [&hellip;]<\/p>\n","protected":false},"author":13882120,"featured_media":0,"parent":0,"menu_order":0,"comment_status":"closed","ping_status":"closed","template":"","meta":{"_crdt_document":"","jetpack_post_was_ever_published":false,"footnotes":""},"class_list":["post-10400","page","type-page","status-publish","hentry"],"translation":{"provider":"WPGlobus","version":"3.0.2","language":"es","enabled_languages":["en","es"],"languages":{"en":{"title":true,"content":false,"excerpt":false},"es":{"title":true,"content":true,"excerpt":false}}},"aioseo_notices":[],"jetpack_likes_enabled":true,"jetpack_sharing_enabled":true,"jetpack_shortlink":"https:\/\/wp.me\/PdQxqk-2HK","amp_enabled":true,"_links":{"self":[{"href":"https:\/\/workersvoiceus.org\/es\/wp-json\/wp\/v2\/pages\/10400","targetHints":{"allow":["GET"]}}],"collection":[{"href":"https:\/\/workersvoiceus.org\/es\/wp-json\/wp\/v2\/pages"}],"about":[{"href":"https:\/\/workersvoiceus.org\/es\/wp-json\/wp\/v2\/types\/page"}],"author":[{"embeddable":true,"href":"https:\/\/workersvoiceus.org\/es\/wp-json\/wp\/v2\/users\/13882120"}],"replies":[{"embeddable":true,"href":"https:\/\/workersvoiceus.org\/es\/wp-json\/wp\/v2\/comments?post=10400"}],"version-history":[{"count":0,"href":"https:\/\/workersvoiceus.org\/es\/wp-json\/wp\/v2\/pages\/10400\/revisions"}],"wp:attachment":[{"href":"https:\/\/workersvoiceus.org\/es\/wp-json\/wp\/v2\/media?parent=10400"}],"curies":[{"name":"wp","href":"https:\/\/api.w.org\/{rel}","templated":true}]}}